{"id":85,"date":"2025-08-03T15:54:36","date_gmt":"2025-08-03T13:54:36","guid":{"rendered":"https:\/\/football-ligue-belcodene.fr\/?page_id=85"},"modified":"2025-10-19T19:45:54","modified_gmt":"2025-10-19T17:45:54","slug":"informations","status":"publish","type":"page","link":"https:\/\/football-ligue-belcodene.fr\/?page_id=85","title":{"rendered":"Informations"},"content":{"rendered":"\n<p>La FLB a vu le jour en 2010 avec la cr\u00e9ation d&rsquo;un championnat et d&rsquo;une coupe adulte (+16 ans) : la Master Ligue et la Coupe de la Ligue); ainsi que des initiations football pour les 5-15 ans. <\/p>\n\n\n\n<p>Depuis 1992, il y a un tournoi au mois de juin cr\u00e9\u00e9 par Nicolas SILVIA (fondateur et pr\u00e9sident \u00e0 vie de la FL Belcod\u00e8ne).<\/p>\n\n\n\n<p>Depuis 2022, il y eu un rapprochement avec L&rsquo;ES Gr\u00e9asque pour passer les plus jeunes en comp\u00e9tition dans la FFF. Cela a d\u00e9bouch\u00e9 sur une entente avec l&rsquo;ES Gr\u00e9asque et le FC Fuveau en 2023, l&rsquo;entente FGB.<\/p>\n\n\n\n<p>Contact Nicolas SILVIA 06-11-12-07-86<\/p>\n","protected":false},"excerpt":{"rendered":"<p>La FLB a vu le jour en 2010 avec la cr\u00e9ation d&rsquo;un championnat et d&rsquo;une coupe adulte (+16 ans) : la Master Ligue et la Coupe de la Ligue); ainsi que des initiations football pour les 5-15 ans. Depuis 1992, il y a un tournoi au mois de juin cr\u00e9\u00e9 par Nicolas SILVIA (fondateur et [&hellip;]<\/p>\n","protected":false},"author":2,"featured_media":0,"parent":0,"menu_order":0,"comment_status":"closed","ping_status":"closed","template":"","meta":{"footnotes":""},"class_list":["post-85","page","type-page","status-publish","hentry"],"_links":{"self":[{"href":"https:\/\/football-ligue-belcodene.fr\/index.php?rest_route=\/wp\/v2\/pages\/85","targetHints":{"allow":["GET"]}}],"collection":[{"href":"https:\/\/football-ligue-belcodene.fr\/index.php?rest_route=\/wp\/v2\/pages"}],"about":[{"href":"https:\/\/football-ligue-belcodene.fr\/index.php?rest_route=\/wp\/v2\/types\/page"}],"author":[{"embeddable":true,"href":"https:\/\/football-ligue-belcodene.fr\/index.php?rest_route=\/wp\/v2\/users\/2"}],"replies":[{"embeddable":true,"href":"https:\/\/football-ligue-belcodene.fr\/index.php?rest_route=%2Fwp%2Fv2%2Fcomments&post=85"}],"version-history":[{"count":3,"href":"https:\/\/football-ligue-belcodene.fr\/index.php?rest_route=\/wp\/v2\/pages\/85\/revisions"}],"predecessor-version":[{"id":175,"href":"https:\/\/football-ligue-belcodene.fr\/index.php?rest_route=\/wp\/v2\/pages\/85\/revisions\/175"}],"wp:attachment":[{"href":"https:\/\/football-ligue-belcodene.fr\/index.php?rest_route=%2Fwp%2Fv2%2Fmedia&parent=85"}],"curies":[{"name":"wp","href":"https:\/\/api.w.org\/{rel}","templated":true}]}}